{"id":1420,"date":"2024-04-23T14:32:13","date_gmt":"2024-04-23T12:32:13","guid":{"rendered":"https:\/\/renej.org\/?page_id=1420"},"modified":"2024-04-23T17:01:50","modified_gmt":"2024-04-23T15:01:50","slug":"newsletter","status":"publish","type":"page","link":"https:\/\/renej.org\/index.php\/newsletter\/","title":{"rendered":"Newsletter"},"content":{"rendered":"\t\t<div data-elementor-type=\"wp-page\" data-elementor-id=\"1420\" class=\"elementor elementor-1420\">\n\t\t\t\t<div class=\"elementor-element elementor-element-5577584d e-con-full e-flex wpr-particle-no wpr-jarallax-no wpr-parallax-no wpr-sticky-section-no e-con e-parent\" data-id=\"5577584d\" data-element_type=\"container\">\n\t\t\t\t<div class=\"elementor-element elementor-element-f38e7f2 wpr-main-menu-align-left wpr-main-menu-align--laptopleft wpr-main-menu-align--tabletleft wpr-main-menu-align--mobileleft wpr-pointer-underline wpr-pointer-line-fx wpr-pointer-fx-fade wpr-sub-icon-caret-down wpr-sub-menu-fx-fade wpr-nav-menu-bp-mobile wpr-mobile-menu-full-width wpr-mobile-menu-item-align-center wpr-mobile-toggle-v1 wpr-sub-divider-yes wpr-mobile-divider-yes elementor-widget elementor-widget-wpr-nav-menu\" data-id=\"f38e7f2\" data-element_type=\"widget\" data-settings=\"{&quot;menu_layout&quot;:&quot;horizontal&quot;}\" data-widget_type=\"wpr-nav-menu.default\">\n\t\t\t\t<div class=\"elementor-widget-container\">\n\t\t\t\t\t<nav class=\"wpr-nav-menu-container wpr-nav-menu-horizontal\" data-trigger=\"hover\"><ul id=\"menu-1-f38e7f2\" class=\"wpr-nav-menu\"><li class=\"menu-item menu-item-type-post_type menu-item-object-page menu-item-home menu-item-394\"><a href=\"https:\/\/renej.org\/\" class=\"wpr-menu-item wpr-pointer-item\">Accueil<\/a><\/li>\n<li class=\"menu-item menu-item-type-post_type menu-item-object-page current_page_parent menu-item-has-children menu-item-983\"><a aria-haspopup=\"true\" aria-expanded=\"false\" href=\"https:\/\/renej.org\/index.php\/blog-landing-page-business-v1\/\" class=\"wpr-menu-item wpr-pointer-item\">RenejBenin Actualit\u00e9<i class=\"wpr-sub-icon fas\" aria-hidden=\"true\"><\/i><\/a>\n<ul class=\"sub-menu wpr-sub-menu\">\n\t<li class=\"menu-item menu-item-type-post_type menu-item-object-page menu-item-1422\"><a href=\"https:\/\/renej.org\/index.php\/newsletter\/\" class=\"wpr-sub-menu-item\">Newsletter<\/a><\/li>\n<\/ul>\n<\/li>\n<li class=\"menu-item menu-item-type-post_type menu-item-object-page menu-item-has-children menu-item-981\"><a aria-haspopup=\"true\" aria-expanded=\"false\" href=\"https:\/\/renej.org\/index.php\/presentation-de-renej-benin\/\" class=\"wpr-menu-item wpr-pointer-item\">Pr\u00e9sentation de ReNEJ-B\u00e9nin<i class=\"wpr-sub-icon fas\" aria-hidden=\"true\"><\/i><\/a>\n<ul class=\"sub-menu wpr-sub-menu\">\n\t<li class=\"menu-item menu-item-type-custom menu-item-object-custom menu-item-396\"><a href=\"\/#businessplans\" class=\"wpr-sub-menu-item\">Nos Projets<\/a><\/li>\n\t<li class=\"menu-item menu-item-type-custom menu-item-object-custom menu-item-397\"><a href=\"\/#features\" class=\"wpr-sub-menu-item\">Nos Offres<\/a><\/li>\n\t<li class=\"menu-item menu-item-type-custom menu-item-object-custom menu-item-home menu-item-395\"><a href=\"https:\/\/renej.org\/#partenaires\" class=\"wpr-sub-menu-item\">Nos Partenaires<\/a><\/li>\n<\/ul>\n<\/li>\n<li class=\"menu-item menu-item-type-post_type menu-item-object-page menu-item-1449\"><a href=\"https:\/\/renej.org\/index.php\/politique-genre-et-peas\/\" class=\"wpr-menu-item wpr-pointer-item\">Politique Genre et PEAS<\/a><\/li>\n<li class=\"menu-item menu-item-type-post_type menu-item-object-page menu-item-has-children menu-item-1508\"><a aria-haspopup=\"true\" aria-expanded=\"false\" href=\"https:\/\/renej.org\/index.php\/login\/\" class=\"wpr-menu-item wpr-pointer-item\">Connexion<i class=\"wpr-sub-icon fas\" aria-hidden=\"true\"><\/i><\/a>\n<ul class=\"sub-menu wpr-sub-menu\">\n\t<li class=\"menu-item menu-item-type-post_type menu-item-object-page menu-item-1625\"><a href=\"https:\/\/renej.org\/index.php\/register\/\" class=\"wpr-sub-menu-item\">S\u2019inscrire<\/a><\/li>\n\t<li class=\"menu-item menu-item-type-post_type menu-item-object-page menu-item-1624\"><a href=\"https:\/\/renej.org\/index.php\/logout\/\" class=\"wpr-sub-menu-item\">D\u00e9connexion<\/a><\/li>\n<\/ul>\n<\/li>\n<\/ul><\/nav><nav class=\"wpr-mobile-nav-menu-container\"><div class=\"wpr-mobile-toggle-wrap\"><div class=\"wpr-mobile-toggle\"><span class=\"wpr-mobile-toggle-line\"><\/span><span class=\"wpr-mobile-toggle-line\"><\/span><span class=\"wpr-mobile-toggle-line\"><\/span><\/div><\/div><ul id=\"mobile-menu-2-f38e7f2\" class=\"wpr-mobile-nav-menu\"><li class=\"menu-item menu-item-type-post_type menu-item-object-page menu-item-home menu-item-394\"><a href=\"https:\/\/renej.org\/\" class=\"wpr-mobile-menu-item\">Accueil<\/a><\/li>\n<li class=\"menu-item menu-item-type-post_type menu-item-object-page current_page_parent menu-item-has-children menu-item-983\"><a href=\"https:\/\/renej.org\/index.php\/blog-landing-page-business-v1\/\" class=\"wpr-mobile-menu-item\">RenejBenin Actualit\u00e9<\/a>\n<ul class=\"sub-menu wpr-sub-menu\">\n\t<li class=\"menu-item menu-item-type-post_type menu-item-object-page menu-item-1422\"><a href=\"https:\/\/renej.org\/index.php\/newsletter\/\" class=\"wpr-mobile-sub-menu-item\">Newsletter<\/a><\/li>\n<\/ul>\n<\/li>\n<li class=\"menu-item menu-item-type-post_type menu-item-object-page menu-item-has-children menu-item-981\"><a href=\"https:\/\/renej.org\/index.php\/presentation-de-renej-benin\/\" class=\"wpr-mobile-menu-item\">Pr\u00e9sentation de ReNEJ-B\u00e9nin<\/a>\n<ul class=\"sub-menu wpr-sub-menu\">\n\t<li class=\"menu-item menu-item-type-custom menu-item-object-custom menu-item-396\"><a href=\"\/#businessplans\" class=\"wpr-mobile-sub-menu-item\">Nos Projets<\/a><\/li>\n\t<li class=\"menu-item menu-item-type-custom menu-item-object-custom menu-item-397\"><a href=\"\/#features\" class=\"wpr-mobile-sub-menu-item\">Nos Offres<\/a><\/li>\n\t<li class=\"menu-item menu-item-type-custom menu-item-object-custom menu-item-home menu-item-395\"><a href=\"https:\/\/renej.org\/#partenaires\" class=\"wpr-mobile-sub-menu-item\">Nos Partenaires<\/a><\/li>\n<\/ul>\n<\/li>\n<li class=\"menu-item menu-item-type-post_type menu-item-object-page menu-item-1449\"><a href=\"https:\/\/renej.org\/index.php\/politique-genre-et-peas\/\" class=\"wpr-mobile-menu-item\">Politique Genre et PEAS<\/a><\/li>\n<li class=\"menu-item menu-item-type-post_type menu-item-object-page menu-item-has-children menu-item-1508\"><a href=\"https:\/\/renej.org\/index.php\/login\/\" class=\"wpr-mobile-menu-item\">Connexion<\/a>\n<ul class=\"sub-menu wpr-sub-menu\">\n\t<li class=\"menu-item menu-item-type-post_type menu-item-object-page menu-item-1625\"><a href=\"https:\/\/renej.org\/index.php\/register\/\" class=\"wpr-mobile-sub-menu-item\">S\u2019inscrire<\/a><\/li>\n\t<li class=\"menu-item menu-item-type-post_type menu-item-object-page menu-item-1624\"><a href=\"https:\/\/renej.org\/index.php\/logout\/\" class=\"wpr-mobile-sub-menu-item\">D\u00e9connexion<\/a><\/li>\n<\/ul>\n<\/li>\n<\/ul><\/nav>\t\t\t\t<\/div>\n\t\t\t\t<\/div>\n\t\t\t\t<div class=\"elementor-element elementor-element-798183b elementor-widget elementor-widget-text-editor\" data-id=\"798183b\" data-element_type=\"widget\" data-widget_type=\"text-editor.default\">\n\t\t\t\t<div class=\"elementor-widget-container\">\n\t\t\t\t\t\t\t\t\t\n<p>Abonnez &#8211; vous \u00e0 notre newsletter pour \u00eatre inform\u00e9 de l&#8217;actualit\u00e9 et des nouvelles opportunit\u00e9s<\/p>\n\t\t\t\t\t\t\t\t<\/div>\n\t\t\t\t<\/div>\n\t\t\t\t<\/div>\n\t\t<div class=\"elementor-element elementor-element-1224699 e-flex e-con-boxed wpr-particle-no wpr-jarallax-no wpr-parallax-no wpr-sticky-section-no e-con e-parent\" data-id=\"1224699\" data-element_type=\"container\">\n\t\t\t\t\t<div class=\"e-con-inner\">\n\t\t\t\t<div class=\"elementor-element elementor-element-ed05ae8 wpr-ticker-heading-position-left wpr-ticker-heading-icon-position-right wpr-ticker-heading-triangle-top wpr-ticker-slider-columns-4 wpr-ticker-slider-columns--laptop4 wpr-ticker-slider-columns--tablet3 wpr-ticker-slider-columns--mobile1 wpr-ticker-slides-to-scroll-1 wpr-ticker-arrow-style-horizontal wpr-ticker-arrow-position-right wpr-ticker-effect-hr-slide wpr-ticker-gradient-type-right elementor-widget elementor-widget-wpr-content-ticker\" data-id=\"ed05ae8\" data-element_type=\"widget\" data-settings=\"{&quot;slider_amount&quot;:4,&quot;slider_amount_laptop&quot;:4,&quot;slider_amount_tablet&quot;:3,&quot;slider_amount_mobile&quot;:1,&quot;slides_to_scroll&quot;:1,&quot;slider_autoplay&quot;:&quot;yes&quot;,&quot;slider_autoplay_duration&quot;:3,&quot;slider_loop&quot;:&quot;yes&quot;}\" data-widget_type=\"wpr-content-ticker.default\">\n\t\t\t\t<div class=\"elementor-widget-container\">\n\t\t\t\t\t\n\t\t<!-- Content Ticker Slider -->\n\t\t<div class=\"wpr-content-ticker\">\n\n\t\t\t\n\t\t<div class=\"wpr-ticker-heading\">\n\t\t\t<span class=\"wpr-ticker-heading-text\">Hot News<\/span>\n\t\t\t<span class=\"wpr-ticker-heading-icon\">\n\t\t\t\t\t\n\t\t\t\t<svg class=\"e-font-icon-svg e-far-star\" viewBox=\"0 0 576 512\" xmlns=\"http:\/\/www.w3.org\/2000\/svg\"><path d=\"M528.1 171.5L382 150.2 316.7 17.8c-11.7-23.6-45.6-23.9-57.4 0L194 150.2 47.9 171.5c-26.2 3.8-36.7 36.1-17.7 54.6l105.7 103-25 145.5c-4.5 26.3 23.2 46 46.4 33.7L288 439.6l130.7 68.7c23.2 12.2 50.9-7.4 46.4-33.7l-25-145.5 105.7-103c19-18.5 8.5-50.8-17.7-54.6zM388.6 312.3l23.7 138.4L288 385.4l-124.3 65.3 23.7-138.4-100.6-98 139-20.2 62.2-126 62.2 126 139 20.2-100.6 98z\"><\/path><\/svg>\t\t\t\t\t\t\t<\/span>\n\t\t<\/div>\n\n\t\t\n\t\t\t<div class=\"wpr-content-ticker-inner\">\n\t\t\t\t\n\t\t\t\t\n\t\t<div class=\"wpr-ticker-slider wpr-ticker-gradient\" dir=\"ltr\" data-slick=\"{&quot;rtl&quot;:false,&quot;infinite&quot;:true,&quot;speed&quot;:1000,&quot;autoplay&quot;:true,&quot;autoplaySpeed&quot;:3000,&quot;pauseOnHover&quot;:&quot;yes&quot;,&quot;arrows&quot;:true,&quot;prevArrow&quot;:&quot;&lt;div class=\\&quot;wpr-ticker-prev-arrow wpr-ticker-arrow\\&quot;&gt;&lt;i class=\\&quot;fas fa-angle-left\\&quot;&gt;&lt;\\\/i&gt;&lt;\\\/div&gt;&quot;,&quot;nextArrow&quot;:&quot;&lt;div class=\\&quot;wpr-ticker-next-arrow wpr-ticker-arrow\\&quot;&gt;&lt;i class=\\&quot;fas fa-angle-left\\&quot;&gt;&lt;\\\/i&gt;&lt;\\\/div&gt;&quot;}\" data-slide-effect=\"hr-slide\">\t\n\t\t\t\n\t\t\t<div class=\"wpr-ticker-item\">\n\n\t\t\t\t\n\t\t\t\t\n\t\t\t\t<h3 class=\"wpr-ticker-title\">\n\t\t\t\t\t<div class=\"wpr-ticker-title-inner\">\n\t\t\t\t\t<a href=\"https:\/\/renej.org\/index.php\/2024\/03\/10\/remise-de-motos-aux-coachs-formateurs-un-pas-de-plus-vers-lexcellence-professionnelle\/\">Remise de Motos aux Coachs Formateurs : Un Pas de Plus vers l&#8217;Excellence Professionnelle<\/a>\t\t\t\t\t<\/div>\n\t\t\t\t<\/h3>\n\n\t\t\t<\/div>\n\n\t\t\n\t\t\t<div class=\"wpr-ticker-item\">\n\n\t\t\t\t\n\t\t\t\t\n\t\t\t\t<h3 class=\"wpr-ticker-title\">\n\t\t\t\t\t<div class=\"wpr-ticker-title-inner\">\n\t\t\t\t\t<a href=\"https:\/\/renej.org\/index.php\/2024\/03\/10\/106\/\">Formation inspirante sur les Comp\u00e9tences de Vie et l&#8217;id\u00e9e d&#8217;entreprise dans le cadre du Projet &#8220;3M&#8221;!<\/a>\t\t\t\t\t<\/div>\n\t\t\t\t<\/h3>\n\n\t\t\t<\/div>\n\n\t\t\n\t\t\t<div class=\"wpr-ticker-item\">\n\n\t\t\t\t\n\t\t\t\t\n\t\t\t\t<h3 class=\"wpr-ticker-title\">\n\t\t\t\t\t<div class=\"wpr-ticker-title-inner\">\n\t\t\t\t\t<a href=\"https:\/\/renej.org\/index.php\/2024\/03\/10\/evaluations-citoyennes-pour-linsertion-professionnelle-des-jeunes-collaboration-fructueuse-dans-le-projet-3m-au-benin\/\">\u00c9valuations Citoyennes pour l&#8217;Insertion Professionnelle des Jeunes : Collaboration Fructueuse dans le Projet 3M au B\u00e9nin<\/a>\t\t\t\t\t<\/div>\n\t\t\t\t<\/h3>\n\n\t\t\t<\/div>\n\n\t\t\n\t\t\t<div class=\"wpr-ticker-item\">\n\n\t\t\t\t\n\t\t\t\t\n\t\t\t\t<h3 class=\"wpr-ticker-title\">\n\t\t\t\t\t<div class=\"wpr-ticker-title-inner\">\n\t\t\t\t\t<a href=\"https:\/\/renej.org\/index.php\/2024\/03\/10\/formation-en-coaching-entrepreneurial-les-couts-de-projet-et-les-previsions-financieres\/\">Formation en Coaching Entrepreneurial : les Co\u00fbts de Projet et les Pr\u00e9visions Financi\u00e8res !<\/a>\t\t\t\t\t<\/div>\n\t\t\t\t<\/h3>\n\n\t\t\t<\/div>\n\n\t\t\n\t\t\t<div class=\"wpr-ticker-item\">\n\n\t\t\t\t\n\t\t\t\t\n\t\t\t\t<h3 class=\"wpr-ticker-title\">\n\t\t\t\t\t<div class=\"wpr-ticker-title-inner\">\n\t\t\t\t\t<a href=\"https:\/\/renej.org\/index.php\/2024\/03\/10\/formation-en-coaching-entrepreneurial-decryptage-du-modele-daffaires-et-de-la-proposition-de-valeurs\/\">Formation en Coaching Entrepreneurial :D\u00e9cryptage du Mod\u00e8le d&#8217;Affaires et de la Proposition de Valeurs !<\/a>\t\t\t\t\t<\/div>\n\t\t\t\t<\/h3>\n\n\t\t\t<\/div>\n\n\t\t\n\t\t\t<div class=\"wpr-ticker-item\">\n\n\t\t\t\t\n\t\t\t\t\n\t\t\t\t<h3 class=\"wpr-ticker-title\">\n\t\t\t\t\t<div class=\"wpr-ticker-title-inner\">\n\t\t\t\t\t<a href=\"https:\/\/renej.org\/index.php\/2024\/03\/10\/renej-benin-engage-pour-les-objectifs-de-developpement-durable\/\">ReNEJ-B\u00e9nin : Engag\u00e9 pour les Objectifs de D\u00e9veloppement Durable !<\/a>\t\t\t\t\t<\/div>\n\t\t\t\t<\/h3>\n\n\t\t\t<\/div>\n\n\t\t\n\t\t\t<div class=\"wpr-ticker-item\">\n\n\t\t\t\t\n\t\t\t\t\n\t\t\t\t<h3 class=\"wpr-ticker-title\">\n\t\t\t\t\t<div class=\"wpr-ticker-title-inner\">\n\t\t\t\t\t<a href=\"https:\/\/renej.org\/index.php\/2024\/03\/10\/entrepreneuriat-des-jeunes-vulnerables-le-projet-3m-a-la-mairie-de-toviklin\/\">Entrepreneuriat des jeunes vuln\u00e9rables: Le projet &#8220;3M&#8221; \u00e0 la mairie de Toviklin<\/a>\t\t\t\t\t<\/div>\n\t\t\t\t<\/h3>\n\n\t\t\t<\/div>\n\n\t\t\n\t\t\t<div class=\"wpr-ticker-item\">\n\n\t\t\t\t\n\t\t\t\t\n\t\t\t\t<h3 class=\"wpr-ticker-title\">\n\t\t\t\t\t<div class=\"wpr-ticker-title-inner\">\n\t\t\t\t\t<a href=\"https:\/\/renej.org\/index.php\/2024\/03\/10\/renforcement-des-capacites-pour-lavenir-formation-des-coachs-formateurs-par-le-projet-3m-au-benin\/\">Renforcement des Capacit\u00e9s pour l&#8217;Avenir : Formation des Coachs Formateurs par le Projet 3M au B\u00e9nin<\/a>\t\t\t\t\t<\/div>\n\t\t\t\t<\/h3>\n\n\t\t\t<\/div>\n\n\t\t\n\t\t\t<div class=\"wpr-ticker-item\">\n\n\t\t\t\t\n\t\t\t\t\n\t\t\t\t<h3 class=\"wpr-ticker-title\">\n\t\t\t\t\t<div class=\"wpr-ticker-title-inner\">\n\t\t\t\t\t<a href=\"https:\/\/renej.org\/index.php\/2024\/03\/10\/atelier-sur-levaluation-360-renforcement-des-capacites-pour-lavenir-des-jeunes-au-benin\/\">Atelier sur l&#8217;\u00c9valuation 360\u00b0 : Renforcement des Capacit\u00e9s pour l&#8217;Avenir des Jeunes au B\u00e9nin<\/a>\t\t\t\t\t<\/div>\n\t\t\t\t<\/h3>\n\n\t\t\t<\/div>\n\n\t\t\n\t\t\t<div class=\"wpr-ticker-item\">\n\n\t\t\t\t\n\t\t\t\t\n\t\t\t\t<h3 class=\"wpr-ticker-title\">\n\t\t\t\t\t<div class=\"wpr-ticker-title-inner\">\n\t\t\t\t\t<a href=\"https:\/\/renej.org\/index.php\/2024\/03\/10\/lancement-officiel-du-projet-3m\/\">Lancement officiel du Projet 3M<\/a>\t\t\t\t\t<\/div>\n\t\t\t\t<\/h3>\n\n\t\t\t<\/div>\n\n\t\t\t\t<\/div>\n\n\t\t<div class=\"wpr-ticker-slider-controls\"><\/div>\n\n\t\t\t\t\t\t\n\t\t\t<\/div>\n\n\t\t<\/div>\n\n\t\t\t\t\t\t<\/div>\n\t\t\t\t<\/div>\n\t\t\t\t\t<\/div>\n\t\t\t\t<\/div>\n\t\t<div class=\"elementor-element elementor-element-c0016a9 e-flex e-con-boxed wpr-particle-no wpr-jarallax-no wpr-parallax-no wpr-sticky-section-no e-con e-parent\" data-id=\"c0016a9\" data-element_type=\"container\">\n\t\t\t\t\t<div class=\"e-con-inner\">\n\t\t\t\t<div class=\"elementor-element elementor-element-d6f8f58 wpr-mailchimp-layout-hr elementor-widget elementor-widget-wpr-mailchimp\" data-id=\"d6f8f58\" data-element_type=\"widget\" data-widget_type=\"wpr-mailchimp.default\">\n\t\t\t\t<div class=\"elementor-widget-container\">\n\t\t\t\t\t\n\t\t<form class=\"wpr-mailchimp-form\" id=\"wpr-mailchimp-form-d6f8f58\" method=\"POST\" data-list-id=\"5297bb8ca0\" data-clear-fields=\"\">\n\t\t\t<!-- Form Header -->\n\t\t\t\t\t\t<div class=\"wpr-mailchimp-header\">\n\t\t\t\t\t\t\t\t<h3>\n\t\t\t\t\t<i class=\"far fa-envelope\"><\/i>Rejoindre la famille ReNEJ!\t\t\t\t<\/h3>\n\t\t\t\t<p><\/p>\n\t\t\t<\/div>\n\t\t\t\n\t\t\t<div class=\"wpr-mailchimp-fields\">\n\t\t\t\t<!-- Email Input -->\n\t\t\t\t<div class=\"wpr-mailchimp-email\">\n\t\t\t\t\t<label>Email<\/label>\t\t\t\t\t<input type=\"email\" name=\"wpr_mailchimp_email\" placeholder=\"ata@bestorm.com\" required=\"required\">\n\t\t\t\t<\/div>\n\n\t\t\t\t<!-- Extra Fields -->\n\t\t\t\t\n\t\t\t\t<!-- Subscribe Button -->\n\t\t\t\t<div class=\"wpr-mailchimp-subscribe\">\n\t\t\t\t\t<button type=\"submit\" id=\"wpr-subscribe-d6f8f58\" class=\"wpr-mailchimp-subscribe-btn\" data-loading=\"Subscribing...\">\n\t\t\t\t  \t\tAbonnez-Vous\t\t\t\t\t<\/button>\n\t\t\t\t<\/div>\n\t\t\t<\/div>\n\n\t\t\t<!-- Success\/Error Message -->\n\t\t\t<div class=\"wpr-mailchimp-message\">\n\t\t\t\t<span class=\"wpr-mailchimp-success-message\">You have been successfully Subscribed!<\/span>\n\t\t\t\t<span class=\"wpr-mailchimp-error-message\">Ops! Something went wrong, please try again.<\/span>\n\t\t\t<\/div>\n\t\t<\/form>\n\n\t\t\t\t\t\t<\/div>\n\t\t\t\t<\/div>\n\t\t\t\t\t<\/div>\n\t\t\t\t<\/div>\n\t\t\t\t<\/div>\n\t\t","protected":false},"excerpt":{"rendered":"<p>Accueil Blog Nos Partenaires Nos Projets Nos Offres Pr\u00e9sentation de ReNEJ-B\u00e9nin Newsletter Politique Genre et PEAS Accueil Blog Nos Partenaires Nos Projets Nos Offres Pr\u00e9sentation de ReNEJ-B\u00e9nin Newsletter Politique Genre et PEAS Abonnez &#8211; vous \u00e0 notre newsletter pour \u00eatre inform\u00e9 de l&#8217;actualit\u00e9 et des nouvelles opportunit\u00e9s Hot News Remise de Motos aux Coachs Formateurs : Un Pas de Plus vers l&#8217;Excellence Professionnelle Formation inspirante sur les Comp\u00e9tences de Vie et l&#8217;id\u00e9e d&#8217;entreprise dans le cadre du Projet &#8220;3M&#8221;! \u00c9valuations Citoyennes pour l&#8217;Insertion Professionnelle des Jeunes : Collaboration Fructueuse dans le Projet 3M au B\u00e9nin Formation en Coaching Entrepreneurial : les Co\u00fbts de Projet et les Pr\u00e9visions Financi\u00e8res ! Formation en Coaching Entrepreneurial :D\u00e9cryptage du Mod\u00e8le d&#8217;Affaires et de la Proposition de Valeurs ! ReNEJ-B\u00e9nin : Engag\u00e9 pour les Objectifs de D\u00e9veloppement Durable ! Entrepreneuriat des jeunes vuln\u00e9rables: Le projet &#8220;3M&#8221; \u00e0 la mairie de Toviklin Renforcement des Capacit\u00e9s pour l&#8217;Avenir : Formation des Coachs Formateurs par le Projet 3M au B\u00e9nin Atelier sur l&#8217;\u00c9valuation 360\u00b0 : Renforcement des Capacit\u00e9s pour l&#8217;Avenir des Jeunes au B\u00e9nin Lancement officiel du Projet 3M Rejoindre la famille ReNEJ! Email Abonnez-Vous You have been successfully Subscribed! Ops! Something went wrong, please try again.<\/p>\n","protected":false},"author":1,"featured_media":0,"parent":0,"menu_order":0,"comment_status":"closed","ping_status":"closed","template":"","meta":{"_acf_changed":false,"_seopress_robots_primary_cat":"","_seopress_titles_title":"","_seopress_titles_desc":"","_seopress_robots_index":"","_eb_attr":"","_joinchat":[],"footnotes":""},"class_list":["post-1420","page","type-page","status-publish","hentry"],"acf":[],"_links":{"self":[{"href":"https:\/\/renej.org\/index.php\/wp-json\/wp\/v2\/pages\/1420","targetHints":{"allow":["GET"]}}],"collection":[{"href":"https:\/\/renej.org\/index.php\/wp-json\/wp\/v2\/pages"}],"about":[{"href":"https:\/\/renej.org\/index.php\/wp-json\/wp\/v2\/types\/page"}],"author":[{"embeddable":true,"href":"https:\/\/renej.org\/index.php\/wp-json\/wp\/v2\/users\/1"}],"replies":[{"embeddable":true,"href":"https:\/\/renej.org\/index.php\/wp-json\/wp\/v2\/comments?post=1420"}],"version-history":[{"count":26,"href":"https:\/\/renej.org\/index.php\/wp-json\/wp\/v2\/pages\/1420\/revisions"}],"predecessor-version":[{"id":1489,"href":"https:\/\/renej.org\/index.php\/wp-json\/wp\/v2\/pages\/1420\/revisions\/1489"}],"wp:attachment":[{"href":"https:\/\/renej.org\/index.php\/wp-json\/wp\/v2\/media?parent=1420"}],"curies":[{"name":"wp","href":"https:\/\/api.w.org\/{rel}","templated":true}]}}