{"id":15,"date":"2024-03-10T00:00:41","date_gmt":"2024-03-09T23:00:41","guid":{"rendered":"https:\/\/renej.org\/?page_id=15"},"modified":"2025-03-12T19:45:34","modified_gmt":"2025-03-12T18:45:34","slug":"presentation-de-renej-benin","status":"publish","type":"page","link":"https:\/\/renej.org\/index.php\/presentation-de-renej-benin\/","title":{"rendered":"Pr\u00e9sentation de ReNEJ-B\u00e9nin"},"content":{"rendered":"\t\t<div data-elementor-type=\"wp-page\" data-elementor-id=\"15\" class=\"elementor elementor-15\">\n\t\t\t\t<div class=\"elementor-element elementor-element-7dc1b6c4 e-flex e-con-boxed wpr-particle-no wpr-jarallax-no wpr-parallax-no wpr-sticky-section-no e-con e-parent\" data-id=\"7dc1b6c4\" data-element_type=\"container\">\n\t\t\t\t\t<div class=\"e-con-inner\">\n\t\t<div class=\"elementor-element elementor-element-d9c412c e-flex e-con-boxed wpr-particle-no wpr-jarallax-no wpr-parallax-no wpr-sticky-section-no e-con e-child\" data-id=\"d9c412c\" data-element_type=\"container\">\n\t\t\t\t\t<div class=\"e-con-inner\">\n\t\t\t\t<div class=\"elementor-element elementor-element-5f60105 wpr-logo-position-center elementor-widget elementor-widget-wpr-logo\" data-id=\"5f60105\" data-element_type=\"widget\" data-widget_type=\"wpr-logo.default\">\n\t\t\t\t<div class=\"elementor-widget-container\">\n\t\t\t\t\t\t\t\t\n\t\t\t<div class=\"wpr-logo elementor-clearfix\">\n\n\t\t\t\t\t\t\t\t<picture class=\"wpr-logo-image\">\n\t\t\t\t\t\t\t\t\t\t<source media=\"(max-width: 767px)\" srcset=\"https:\/\/renej.org\/wp-content\/uploads\/2024\/03\/cropped-ReNeJ-2.jpeg\">\t\n\t\t\t\t\t\n\t\t\t\t\t\t\t\t\t\t<source srcset=\"https:\/\/renej.org\/wp-content\/uploads\/2024\/03\/cropped-ReNeJ-2.jpeg 1x, https:\/\/renej.org\/wp-content\/uploads\/2024\/03\/cropped-ReNeJ-2.jpeg 2x\">\t\n\t\t\t\t\t\t\t\t\t\t\n\t\t\t\t\t<img decoding=\"async\" src=\"https:\/\/renej.org\/wp-content\/uploads\/2024\/03\/cropped-ReNeJ-2.jpeg\" alt=\"ReNEJ - BENIN\">\n\n\t\t\t\t\t\t\t\t\t\t\t<a class=\"wpr-logo-url\" rel=\"home\" aria-label=\"ReNEJ - BENIN\" href=\"https:\/\/renej.org\/\"><\/a>\n\t\t\t\t\t\t\t\t\t<\/picture>\n\t\t\t\t\n\t\t\t\t\t\t\t\t<div class=\"wpr-logo-text\">\n\t\t\t\t\t\t\t\t\t\t\t\t\t\t\t\t\t\t<p class=\"wpr-logo-title\">ReNEJ - BENIN<\/p>\n\t\t\t\t\t\t\t\t\t\t\t\n\t\t\t\t\t\t\t\t\t<\/div>\n\t\t\t\t\n\t\t\t\t\t\t\t\t\t<a class=\"wpr-logo-url\" rel=\"home\" aria-label=\"ReNEJ - BENIN\" href=\"https:\/\/renej.org\/\"><\/a>\n\t\t\t\t\n\t\t\t<\/div>\n\t\t\t\t\n\t\t\t\t\t\t<\/div>\n\t\t\t\t<\/div>\n\t\t\t\t\t<\/div>\n\t\t\t\t<\/div>\n\t\t\t\t<div class=\"elementor-element elementor-element-616f883 wpr-main-menu-align-left wpr-main-menu-align--laptopleft wpr-main-menu-align--tabletleft wpr-main-menu-align--mobileleft wpr-pointer-underline wpr-pointer-line-fx wpr-pointer-fx-fade wpr-sub-icon-caret-down wpr-sub-menu-fx-fade wpr-nav-menu-bp-mobile wpr-mobile-menu-full-width wpr-mobile-menu-item-align-center wpr-mobile-toggle-v1 wpr-sub-divider-yes wpr-mobile-divider-yes elementor-widget elementor-widget-wpr-nav-menu\" data-id=\"616f883\" data-element_type=\"widget\" data-settings=\"{&quot;menu_layout&quot;:&quot;horizontal&quot;}\" data-widget_type=\"wpr-nav-menu.default\">\n\t\t\t\t<div class=\"elementor-widget-container\">\n\t\t\t\t\t<nav class=\"wpr-nav-menu-container wpr-nav-menu-horizontal\" data-trigger=\"hover\"><ul id=\"menu-1-616f883\" class=\"wpr-nav-menu\"><li class=\"menu-item menu-item-type-post_type menu-item-object-page menu-item-home menu-item-394\"><a href=\"https:\/\/renej.org\/\" class=\"wpr-menu-item wpr-pointer-item\">Accueil<\/a><\/li>\n<li class=\"menu-item menu-item-type-post_type menu-item-object-page current_page_parent menu-item-has-children menu-item-983\"><a aria-haspopup=\"true\" aria-expanded=\"false\" href=\"https:\/\/renej.org\/index.php\/blog-landing-page-business-v1\/\" class=\"wpr-menu-item wpr-pointer-item\">RenejBenin Actualit\u00e9<i class=\"wpr-sub-icon fas\" aria-hidden=\"true\"><\/i><\/a>\n<ul class=\"sub-menu wpr-sub-menu\">\n\t<li class=\"menu-item menu-item-type-post_type menu-item-object-page menu-item-1422\"><a href=\"https:\/\/renej.org\/index.php\/newsletter\/\" class=\"wpr-sub-menu-item\">Newsletter<\/a><\/li>\n<\/ul>\n<\/li>\n<li class=\"menu-item menu-item-type-post_type menu-item-object-page menu-item-has-children menu-item-981\"><a aria-haspopup=\"true\" aria-expanded=\"false\" href=\"https:\/\/renej.org\/index.php\/presentation-de-renej-benin\/\" class=\"wpr-menu-item wpr-pointer-item\">Pr\u00e9sentation de ReNEJ-B\u00e9nin<i class=\"wpr-sub-icon fas\" aria-hidden=\"true\"><\/i><\/a>\n<ul class=\"sub-menu wpr-sub-menu\">\n\t<li class=\"menu-item menu-item-type-custom menu-item-object-custom menu-item-396\"><a href=\"\/#businessplans\" class=\"wpr-sub-menu-item\">Nos Projets<\/a><\/li>\n\t<li class=\"menu-item menu-item-type-custom menu-item-object-custom menu-item-397\"><a href=\"\/#features\" class=\"wpr-sub-menu-item\">Nos Offres<\/a><\/li>\n\t<li class=\"menu-item menu-item-type-custom menu-item-object-custom menu-item-home menu-item-395\"><a href=\"https:\/\/renej.org\/#partenaires\" class=\"wpr-sub-menu-item\">Nos Partenaires<\/a><\/li>\n<\/ul>\n<\/li>\n<li class=\"menu-item menu-item-type-post_type menu-item-object-page menu-item-1449\"><a href=\"https:\/\/renej.org\/index.php\/politique-genre-et-peas\/\" class=\"wpr-menu-item wpr-pointer-item\">Politique Genre et PEAS<\/a><\/li>\n<li class=\"menu-item menu-item-type-post_type menu-item-object-page menu-item-has-children menu-item-1508\"><a aria-haspopup=\"true\" aria-expanded=\"false\" href=\"https:\/\/renej.org\/index.php\/login\/\" class=\"wpr-menu-item wpr-pointer-item\">Connexion<i class=\"wpr-sub-icon fas\" aria-hidden=\"true\"><\/i><\/a>\n<ul class=\"sub-menu wpr-sub-menu\">\n\t<li class=\"menu-item menu-item-type-post_type menu-item-object-page menu-item-1625\"><a href=\"https:\/\/renej.org\/index.php\/register\/\" class=\"wpr-sub-menu-item\">S\u2019inscrire<\/a><\/li>\n\t<li class=\"menu-item menu-item-type-post_type menu-item-object-page menu-item-1624\"><a href=\"https:\/\/renej.org\/index.php\/logout\/\" class=\"wpr-sub-menu-item\">D\u00e9connexion<\/a><\/li>\n<\/ul>\n<\/li>\n<\/ul><\/nav><nav class=\"wpr-mobile-nav-menu-container\"><div class=\"wpr-mobile-toggle-wrap\"><div class=\"wpr-mobile-toggle\"><span class=\"wpr-mobile-toggle-line\"><\/span><span class=\"wpr-mobile-toggle-line\"><\/span><span class=\"wpr-mobile-toggle-line\"><\/span><\/div><\/div><ul id=\"mobile-menu-2-616f883\" class=\"wpr-mobile-nav-menu\"><li class=\"menu-item menu-item-type-post_type menu-item-object-page menu-item-home menu-item-394\"><a href=\"https:\/\/renej.org\/\" class=\"wpr-mobile-menu-item\">Accueil<\/a><\/li>\n<li class=\"menu-item menu-item-type-post_type menu-item-object-page current_page_parent menu-item-has-children menu-item-983\"><a href=\"https:\/\/renej.org\/index.php\/blog-landing-page-business-v1\/\" class=\"wpr-mobile-menu-item\">RenejBenin Actualit\u00e9<\/a>\n<ul class=\"sub-menu wpr-sub-menu\">\n\t<li class=\"menu-item menu-item-type-post_type menu-item-object-page menu-item-1422\"><a href=\"https:\/\/renej.org\/index.php\/newsletter\/\" class=\"wpr-mobile-sub-menu-item\">Newsletter<\/a><\/li>\n<\/ul>\n<\/li>\n<li class=\"menu-item menu-item-type-post_type menu-item-object-page menu-item-has-children menu-item-981\"><a href=\"https:\/\/renej.org\/index.php\/presentation-de-renej-benin\/\" class=\"wpr-mobile-menu-item\">Pr\u00e9sentation de ReNEJ-B\u00e9nin<\/a>\n<ul class=\"sub-menu wpr-sub-menu\">\n\t<li class=\"menu-item menu-item-type-custom menu-item-object-custom menu-item-396\"><a href=\"\/#businessplans\" class=\"wpr-mobile-sub-menu-item\">Nos Projets<\/a><\/li>\n\t<li class=\"menu-item menu-item-type-custom menu-item-object-custom menu-item-397\"><a href=\"\/#features\" class=\"wpr-mobile-sub-menu-item\">Nos Offres<\/a><\/li>\n\t<li class=\"menu-item menu-item-type-custom menu-item-object-custom menu-item-home menu-item-395\"><a href=\"https:\/\/renej.org\/#partenaires\" class=\"wpr-mobile-sub-menu-item\">Nos Partenaires<\/a><\/li>\n<\/ul>\n<\/li>\n<li class=\"menu-item menu-item-type-post_type menu-item-object-page menu-item-1449\"><a href=\"https:\/\/renej.org\/index.php\/politique-genre-et-peas\/\" class=\"wpr-mobile-menu-item\">Politique Genre et PEAS<\/a><\/li>\n<li class=\"menu-item menu-item-type-post_type menu-item-object-page menu-item-has-children menu-item-1508\"><a href=\"https:\/\/renej.org\/index.php\/login\/\" class=\"wpr-mobile-menu-item\">Connexion<\/a>\n<ul class=\"sub-menu wpr-sub-menu\">\n\t<li class=\"menu-item menu-item-type-post_type menu-item-object-page menu-item-1625\"><a href=\"https:\/\/renej.org\/index.php\/register\/\" class=\"wpr-mobile-sub-menu-item\">S\u2019inscrire<\/a><\/li>\n\t<li class=\"menu-item menu-item-type-post_type menu-item-object-page menu-item-1624\"><a href=\"https:\/\/renej.org\/index.php\/logout\/\" class=\"wpr-mobile-sub-menu-item\">D\u00e9connexion<\/a><\/li>\n<\/ul>\n<\/li>\n<\/ul><\/nav>\t\t\t\t<\/div>\n\t\t\t\t<\/div>\n\t\t\t\t<div class=\"elementor-element elementor-element-53ea7ca elementor-widget elementor-widget-image\" data-id=\"53ea7ca\" data-element_type=\"widget\" data-widget_type=\"image.default\">\n\t\t\t\t<div class=\"elementor-widget-container\">\n\t\t\t\t\t\t\t\t\t\t\t\t\t\t\t<img fetchpriority=\"high\" decoding=\"async\" width=\"600\" height=\"450\" src=\"https:\/\/renej.org\/wp-content\/uploads\/2024\/03\/343562383_1895298144179574_6980748771714858326_n.jpg\" class=\"attachment-full size-full wp-image-37\" alt=\"\" srcset=\"https:\/\/renej.org\/wp-content\/uploads\/2024\/03\/343562383_1895298144179574_6980748771714858326_n.jpg 600w, https:\/\/renej.org\/wp-content\/uploads\/2024\/03\/343562383_1895298144179574_6980748771714858326_n-300x225.jpg 300w\" sizes=\"(max-width: 600px) 100vw, 600px\" \/>\t\t\t\t\t\t\t\t\t\t\t\t\t\t\t<\/div>\n\t\t\t\t<\/div>\n\t\t\t\t<div class=\"elementor-element elementor-element-142cffdf elementor-widget elementor-widget-text-editor\" data-id=\"142cffdf\" data-element_type=\"widget\" data-widget_type=\"text-editor.default\">\n\t\t\t\t<div class=\"elementor-widget-container\">\n\t\t\t\t\t\t\t\t\t\n<p>Cr\u00e9\u00e9 le 25 juillet 2019 \u00e0 Cotonou, \u00e0 l\u2019issue d\u2019une assembl\u00e9e g\u00e9n\u00e9rale constitutive ayant rassembl\u00e9 les membres, les partenaires, les repr\u00e9sentants des secteur public et priv\u00e9 et autres acteurs de la soci\u00e9t\u00e9 civile b\u00e9ninoise, le R\u00e9seau National de la soci\u00e9t\u00e9 civile pour la promotion de l\u2019Entrepreneuriat et de l\u2019Emploi des Jeunes au B\u00e9nin (RENEJ-BENIN) est un cadre de renforcement des capacit\u00e9s, d\u2019\u00e9changes, de r\u00e9flexions, d\u2019informations, de lobbying, de plaidoyer et de mobilisation de ressources pour les organisations de la soci\u00e9t\u00e9 civile intervenant dans le domaine de la Promotion de l\u2019Entrepreneuriat et de l\u2019Emploi des Jeunes (PEJ) au B\u00e9nin. Son but est d\u2019\u0153uvrer \u00e0 un renforcement des capacit\u00e9s, une implication transparente, effective, repr\u00e9sentative, l\u00e9gitime et efficace au niveau national des organisations de la soci\u00e9t\u00e9 civile pour la Promotion de l\u2019Entrepreneuriat et de l\u2019emploi des Jeunes au B\u00e9nin.<\/p>\n\n\n\n<p>Sa mission est de contribuer \u00e0 la Promotion de l\u2019Entrepreneuriat et de l\u2019Emploi des Jeunes (PEEJ) \u00e0 travers :<\/p>\n\n\n\n<p>&#8211; le renforcement des capacit\u00e9s et l\u2019implication des organisations de la soci\u00e9t\u00e9 civile b\u00e9ninoise dans les prises de d\u00e9cisions, la conception\/l\u2019\u00e9laboration, le suivi, l\u2019\u00e9valuation des projets et programmes de Promotion de l\u2019Entrepreneuriat et de l\u2019Emploi des Jeunes (PEEJ) ;<\/p>\n\n\n\n<p>&#8211; des actions de lobbying, de plaidoyer et de redevabilit\u00e9 en faveur de la Promotion de l\u2019Entrepreneuriat et de l\u2019Emploi des Jeunes<\/p>\n\n\n\n<p>Il a pour objectifs :<\/p>\n\n\n\n<p>&#8211; Assurer le renforcement des capacit\u00e9s des organisations de la soci\u00e9t\u00e9 civile b\u00e9ninoise intervenant pour la Promotion de l\u2019Entrepreneuriat et de l\u2019Emploi des Jeunes.<\/p>\n\n\n\n<p>&#8211; Assurer la mobilisation des ressources au profit des organisations de la soci\u00e9t\u00e9 civile b\u00e9ninoise intervenant pour la Promotion de l\u2019Entrepreneuriat et de l\u2019Emploi des Jeunes pour l\u2019op\u00e9rationnalisation des projets et programmes de d\u00e9veloppement \u00e0 la base.<\/p>\n\n\n\n<p>&#8211; Assurer le suivi et l\u2019\u00e9valuation des projets et programmes de Promotion de l\u2019Entrepreneuriat et de l\u2019Emploi des Jeunes \u00e0 la base.<\/p>\n\n\n\n<p>&#8211; Assurer le suivi et l\u2019\u00e9valuation des projets et programmes nationaux de Promotion de l\u2019Entrepreneuriat et de l\u2019Emploi des Jeunes \u00e0 travers la repr\u00e9sentativit\u00e9 des organisations de la soci\u00e9t\u00e9 civile dans leurs instances de d\u00e9cisions et des actions d\u2019observation directe et participante, de lobbying, de plaidoyer et de redevabilit\u00e9.<\/p>\n\n\n\n<p>Le ReNEJ-B\u00e9nin compte douze (12) membres que sont les r\u00e9seaux d\u00e9partementaux de la soci\u00e9t\u00e9 civile pour la promotion de l\u2019entrepreneuriat et de l\u2019emploi des jeunes (ReDEJ) pr\u00e9sents dans les douze d\u00e9partements du B\u00e9nin. L\u2019ensemble de ces r\u00e9seaux compte plus de cent quinze (115) Organisations de la Soci\u00e9t\u00e9 Civile r\u00e9parties sur l\u2019ensemble du territoire national.<\/p>\n\n\n\n<p>Le ReNEJ-B\u00e9nin a pour domaine d\u2019action la Promotion de l\u2019Entrepreneuriat et l\u2019Emploi des Jeunes (PEEJ) et dispose de quatre (04) principaux organes qui favorisent sa bonne gouvernance et sa gestion transparente et d\u00e9mocratique. Il s\u2019agit de : l\u2019Assembl\u00e9e G\u00e9n\u00e9rale (AG), du Conseil d\u2019Administration (CA), du Comit\u00e9 de surveillance (CS) et du Secr\u00e9tariat Permanent (SP).<\/p>\n\n\n\n<p>La composition des premiers bureaux du CA et du CS \u00e9lus se pr\u00e9sente comme suit :<\/p>\n\n\n\n<p>CONSEIL D\u2019ADMINISTRATION<\/p>\n\n\n\n<p>Pr\u00e9sident : DJAGBA Faustin (ReDEJ-Atlantique)<\/p>\n\n\n\n<p>Vice-Pr\u00e9sidente : ADJIBI DATO Aline (ReDEJ-Littoral)<\/p>\n\n\n\n<p>Secr\u00e9taire G\u00e9n\u00e9ral : HOUSSOU Val\u00e8re (ReDEJ-Ou\u00e9m\u00e9)<\/p>\n\n\n\n<p>Tr\u00e9sori\u00e8re G\u00e9n\u00e9ral : GARBA KADIRI M\u00e9mounatou (ReDEJ \u2013Atacora)<\/p>\n\n\n\n<p>Organisateur : ADIFFON Ars\u00e8ne (ReDEJ-Collines)<\/p>\n\n\n\n<p>COMITE DE SURVEILLANCE<\/p>\n\n\n\n<p>Pr\u00e9sidente : BOSSA Reine (ReDEJ-Mono)<\/p>\n\n\n\n<p>Secr\u00e9taire : ADINSI Gilbert (ReDEJ-Plateau)<\/p>\n\n\n\n<p>Rapporteur : ALLAGBE Olou (ReDEJ-Borgou)<\/p>\n\n\n\n<p>Les membres sont \u00e9lus au sein des diff\u00e9rents organes du r\u00e9seau pour un mandat de trois (03) ans renouvelable une seule fois au m\u00eame poste.<\/p>\n\n\n\n<p>Le ReNEJ-B\u00e9nin noue des alliances strat\u00e9giques avec les autres r\u00e9seaux de la soci\u00e9t\u00e9 civile au niveau national, comme international pour des actions de plaidoyer en faveur d\u2019un changement qualitatif et quantitatif pour le d\u00e9veloppement durable.<\/p>\n\t\t\t\t\t\t\t\t<\/div>\n\t\t\t\t<\/div>\n\t\t\t\t\t<\/div>\n\t\t\t\t<\/div>\n\t\t<div class=\"elementor-element elementor-element-899f7a2 e-con-full e-flex wpr-particle-no wpr-jarallax-no wpr-parallax-no wpr-sticky-section-no e-con e-parent\" data-id=\"899f7a2\" data-element_type=\"container\">\n\t\t\t\t<div class=\"elementor-element elementor-element-3a84950 elementor-widget elementor-widget-wpforms\" data-id=\"3a84950\" data-element_type=\"widget\" data-widget_type=\"wpforms.default\">\n\t\t\t\t<div class=\"elementor-widget-container\">\n\t\t\t\t\t<div class=\"wpforms-container wpforms-container-full wpforms-render-modern\" id=\"wpforms-1378\"><form id=\"wpforms-form-1378\" class=\"wpforms-validate wpforms-form wpforms-ajax-form\" data-formid=\"1378\" method=\"post\" enctype=\"multipart\/form-data\" action=\"\/index.php\/wp-json\/wp\/v2\/pages\/15\" data-token=\"b651e3e67c36b6c26102dd18c3b56dbb\" data-token-time=\"1775926696\"><noscript class=\"wpforms-error-noscript\">Please enable JavaScript in your browser to complete this form.<\/noscript><div id=\"wpforms-error-noscript\" style=\"display: none;\">Please enable JavaScript in your browser to complete this form.<\/div><div class=\"wpforms-field-container\"><div id=\"wpforms-1378-field_0-container\" class=\"wpforms-field wpforms-field-name\" data-field-id=\"0\"><fieldset><legend class=\"wpforms-field-label\">Nom <span class=\"wpforms-required-label\" aria-hidden=\"true\">*<\/span><\/legend><div class=\"wpforms-field-row wpforms-field-medium\"><div class=\"wpforms-field-row-block wpforms-first wpforms-one-half\"><input type=\"text\" id=\"wpforms-1378-field_0\" class=\"wpforms-field-name-first wpforms-field-required\" name=\"wpforms[fields][0][first]\" aria-errormessage=\"wpforms-1378-field_0-error\" required><label for=\"wpforms-1378-field_0\" class=\"wpforms-field-sublabel after\">First<\/label><\/div><div class=\"wpforms-field-row-block wpforms-one-half\"><input type=\"text\" id=\"wpforms-1378-field_0-last\" class=\"wpforms-field-name-last wpforms-field-required\" name=\"wpforms[fields][0][last]\" aria-errormessage=\"wpforms-1378-field_0-last-error\" required><label for=\"wpforms-1378-field_0-last\" class=\"wpforms-field-sublabel after\">Last<\/label><\/div><\/div><\/fieldset><\/div><div id=\"wpforms-1378-field_3-container\" class=\"wpforms-field wpforms-field-number\" data-field-id=\"3\"><label class=\"wpforms-field-label\" for=\"wpforms-1378-field_3\">T\u00e9l\u00e9phone<\/label><input type=\"number\" id=\"wpforms-1378-field_3\" class=\"wpforms-field-medium\" name=\"wpforms[fields][3]\" step=\"any\" aria-errormessage=\"wpforms-1378-field_3-error\" ><\/div><div id=\"wpforms-1378-field_1-container\" class=\"wpforms-field wpforms-field-email\" data-field-id=\"1\"><label class=\"wpforms-field-label\" for=\"wpforms-1378-field_1\">E-mail <span class=\"wpforms-required-label\" aria-hidden=\"true\">*<\/span><\/label><input type=\"email\" id=\"wpforms-1378-field_1\" class=\"wpforms-field-medium wpforms-field-required\" name=\"wpforms[fields][1]\" spellcheck=\"false\" aria-errormessage=\"wpforms-1378-field_1-error\" required><\/div><div id=\"wpforms-1378-field_2-container\" class=\"wpforms-field wpforms-field-textarea\" data-field-id=\"2\"><label class=\"wpforms-field-label\" for=\"wpforms-1378-field_2\">Commentaire ou message<\/label><textarea id=\"wpforms-1378-field_2\" class=\"wpforms-field-medium\" name=\"wpforms[fields][2]\" aria-errormessage=\"wpforms-1378-field_2-error\" ><\/textarea><\/div><\/div><!-- .wpforms-field-container --><div class=\"wpforms-submit-container\" ><input type=\"hidden\" name=\"wpforms[id]\" value=\"1378\"><input type=\"hidden\" name=\"page_title\" value=\"\"><input type=\"hidden\" name=\"page_url\" value=\"https:\/\/renej.org\/index.php\/wp-json\/wp\/v2\/pages\/15\"><input type=\"hidden\" name=\"url_referer\" value=\"\"><button type=\"submit\" name=\"wpforms[submit]\" id=\"wpforms-submit-1378\" class=\"wpforms-submit\" data-alt-text=\"Envoi...\" data-submit-text=\"Envoyer\" aria-live=\"assertive\" value=\"wpforms-submit\">Envoyer<\/button><img decoding=\"async\" src=\"https:\/\/renej.org\/wp-content\/plugins\/wpforms-lite\/assets\/images\/submit-spin.svg\" class=\"wpforms-submit-spinner\" style=\"display: none;\" width=\"26\" height=\"26\" alt=\"Loading\"><\/div><\/form><\/div>  <!-- .wpforms-container -->\t\t\t\t<\/div>\n\t\t\t\t<\/div>\n\t\t\t\t<\/div>\n\t\t<div class=\"elementor-element elementor-element-a90a3ec e-flex e-con-boxed wpr-particle-no wpr-jarallax-no wpr-parallax-no wpr-sticky-section-no e-con e-parent\" data-id=\"a90a3ec\" data-element_type=\"container\">\n\t\t\t\t\t<div class=\"e-con-inner\">\n\t\t\t\t\t<\/div>\n\t\t\t\t<\/div>\n\t\t\t\t<\/div>\n\t\t","protected":false},"excerpt":{"rendered":"<p>ReNEJ &#8211; BENIN Accueil RenejBenin Actualit\u00e9 Newsletter Pr\u00e9sentation de ReNEJ-B\u00e9nin Nos Projets Nos Offres Nos Partenaires Politique Genre et PEAS Connexion S\u2019inscrire D\u00e9connexion Accueil RenejBenin Actualit\u00e9 Newsletter Pr\u00e9sentation de ReNEJ-B\u00e9nin Nos Projets Nos Offres Nos Partenaires Politique Genre et PEAS Connexion S\u2019inscrire D\u00e9connexion Cr\u00e9\u00e9 le 25 juillet 2019 \u00e0 Cotonou, \u00e0 l\u2019issue d\u2019une assembl\u00e9e g\u00e9n\u00e9rale constitutive ayant rassembl\u00e9 les membres, les partenaires, les repr\u00e9sentants des secteur public et priv\u00e9 et autres acteurs de la soci\u00e9t\u00e9 civile b\u00e9ninoise, le R\u00e9seau National de la soci\u00e9t\u00e9 civile pour la promotion de l\u2019Entrepreneuriat et de l\u2019Emploi des Jeunes au B\u00e9nin (RENEJ-BENIN) est un cadre de renforcement des capacit\u00e9s, d\u2019\u00e9changes, de r\u00e9flexions, d\u2019informations, de lobbying, de plaidoyer et de mobilisation de ressources pour les organisations de la soci\u00e9t\u00e9 civile intervenant dans le domaine de la Promotion de l\u2019Entrepreneuriat et de l\u2019Emploi des Jeunes (PEJ) au B\u00e9nin. Son but est d\u2019\u0153uvrer \u00e0 un renforcement des capacit\u00e9s, une implication transparente, effective, repr\u00e9sentative, l\u00e9gitime et efficace au niveau national des organisations de la soci\u00e9t\u00e9 civile pour la Promotion de l\u2019Entrepreneuriat et de l\u2019emploi des Jeunes au B\u00e9nin. Sa mission est de contribuer \u00e0 la Promotion de l\u2019Entrepreneuriat et de l\u2019Emploi des Jeunes (PEEJ) \u00e0 travers : &#8211; le renforcement des capacit\u00e9s et l\u2019implication des organisations de la soci\u00e9t\u00e9 civile b\u00e9ninoise dans les prises de d\u00e9cisions, la conception\/l\u2019\u00e9laboration, le suivi, l\u2019\u00e9valuation des projets et programmes de Promotion de l\u2019Entrepreneuriat et de l\u2019Emploi des Jeunes (PEEJ) ; &#8211; des actions de lobbying, de plaidoyer et de redevabilit\u00e9 en faveur de la Promotion de l\u2019Entrepreneuriat et de l\u2019Emploi des Jeunes Il a pour objectifs : &#8211; Assurer le renforcement des capacit\u00e9s des organisations de la soci\u00e9t\u00e9 civile b\u00e9ninoise intervenant pour la Promotion de l\u2019Entrepreneuriat et de l\u2019Emploi des Jeunes. &#8211; Assurer la mobilisation des ressources au profit des organisations de la soci\u00e9t\u00e9 civile b\u00e9ninoise intervenant pour la Promotion de l\u2019Entrepreneuriat et de l\u2019Emploi des Jeunes pour l\u2019op\u00e9rationnalisation des projets et programmes de d\u00e9veloppement \u00e0 la base. &#8211; Assurer le suivi et l\u2019\u00e9valuation des projets et programmes de Promotion de l\u2019Entrepreneuriat et de l\u2019Emploi des Jeunes \u00e0 la base. &#8211; Assurer le suivi et l\u2019\u00e9valuation des projets et programmes nationaux de Promotion de l\u2019Entrepreneuriat et de l\u2019Emploi des Jeunes \u00e0 travers la repr\u00e9sentativit\u00e9 des organisations de la soci\u00e9t\u00e9 civile dans leurs instances de d\u00e9cisions et des actions d\u2019observation directe et participante, de lobbying, de plaidoyer et de redevabilit\u00e9. Le ReNEJ-B\u00e9nin compte douze (12) membres que sont les r\u00e9seaux d\u00e9partementaux de la soci\u00e9t\u00e9 civile pour la promotion de l\u2019entrepreneuriat et de l\u2019emploi des jeunes (ReDEJ) pr\u00e9sents dans les douze d\u00e9partements du B\u00e9nin. L\u2019ensemble de ces r\u00e9seaux compte plus de cent quinze (115) Organisations de la Soci\u00e9t\u00e9 Civile r\u00e9parties sur l\u2019ensemble du territoire national. Le ReNEJ-B\u00e9nin a pour domaine d\u2019action la Promotion de l\u2019Entrepreneuriat et l\u2019Emploi des Jeunes (PEEJ) et dispose de quatre (04) principaux organes qui favorisent sa bonne gouvernance et sa gestion transparente et d\u00e9mocratique. Il s\u2019agit de : l\u2019Assembl\u00e9e G\u00e9n\u00e9rale (AG), du Conseil d\u2019Administration (CA), du Comit\u00e9 de surveillance (CS) et du Secr\u00e9tariat Permanent (SP). La composition des premiers bureaux du CA et du CS \u00e9lus se pr\u00e9sente comme suit : CONSEIL D\u2019ADMINISTRATION Pr\u00e9sident : DJAGBA Faustin (ReDEJ-Atlantique) Vice-Pr\u00e9sidente : ADJIBI DATO Aline (ReDEJ-Littoral) Secr\u00e9taire G\u00e9n\u00e9ral : HOUSSOU Val\u00e8re (ReDEJ-Ou\u00e9m\u00e9) Tr\u00e9sori\u00e8re G\u00e9n\u00e9ral : GARBA KADIRI M\u00e9mounatou (ReDEJ \u2013Atacora) Organisateur : ADIFFON Ars\u00e8ne (ReDEJ-Collines) COMITE DE SURVEILLANCE Pr\u00e9sidente : BOSSA Reine (ReDEJ-Mono) Secr\u00e9taire : ADINSI Gilbert (ReDEJ-Plateau) Rapporteur : ALLAGBE Olou (ReDEJ-Borgou) Les membres sont \u00e9lus au sein des diff\u00e9rents organes du r\u00e9seau pour un mandat de trois (03) ans renouvelable une seule fois au m\u00eame poste. Le ReNEJ-B\u00e9nin noue des alliances strat\u00e9giques avec les autres r\u00e9seaux de la soci\u00e9t\u00e9 civile au niveau national, comme international pour des actions de plaidoyer en faveur d\u2019un changement qualitatif et quantitatif pour le d\u00e9veloppement durable. Please enable JavaScript in your browser to complete this form.Please enable JavaScript in your browser to complete this form. Nom * FirstLast T\u00e9l\u00e9phoneE-mail *Commentaire ou message Envoyer<\/p>\n","protected":false},"author":1,"featured_media":0,"parent":0,"menu_order":0,"comment_status":"closed","ping_status":"closed","template":"","meta":{"_acf_changed":false,"_seopress_robots_primary_cat":"","_seopress_titles_title":"","_seopress_titles_desc":"","_seopress_robots_index":"","_eb_attr":"","_joinchat":[],"footnotes":""},"class_list":["post-15","page","type-page","status-publish","hentry"],"acf":[],"_links":{"self":[{"href":"https:\/\/renej.org\/index.php\/wp-json\/wp\/v2\/pages\/15","targetHints":{"allow":["GET"]}}],"collection":[{"href":"https:\/\/renej.org\/index.php\/wp-json\/wp\/v2\/pages"}],"about":[{"href":"https:\/\/renej.org\/index.php\/wp-json\/wp\/v2\/types\/page"}],"author":[{"embeddable":true,"href":"https:\/\/renej.org\/index.php\/wp-json\/wp\/v2\/users\/1"}],"replies":[{"embeddable":true,"href":"https:\/\/renej.org\/index.php\/wp-json\/wp\/v2\/comments?post=15"}],"version-history":[{"count":89,"href":"https:\/\/renej.org\/index.php\/wp-json\/wp\/v2\/pages\/15\/revisions"}],"predecessor-version":[{"id":1676,"href":"https:\/\/renej.org\/index.php\/wp-json\/wp\/v2\/pages\/15\/revisions\/1676"}],"wp:attachment":[{"href":"https:\/\/renej.org\/index.php\/wp-json\/wp\/v2\/media?parent=15"}],"curies":[{"name":"wp","href":"https:\/\/api.w.org\/{rel}","templated":true}]}}